{"id":495,"date":"2026-01-29T19:27:53","date_gmt":"2026-01-29T19:27:53","guid":{"rendered":"https:\/\/microcredenciales.ugto.mx\/?page_id=495"},"modified":"2026-01-30T20:19:27","modified_gmt":"2026-01-30T20:19:27","slug":"alianzas","status":"publish","type":"page","link":"https:\/\/microcredenciales.ugto.mx\/index.php\/alianzas\/","title":{"rendered":"alianzas"},"content":{"rendered":"\n<div class=\"wp-block-cover alignfull\" style=\"min-height:1838px;aspect-ratio:unset;\"><img decoding=\"async\" class=\"wp-block-cover__image-background wp-image-543 size-full\" alt=\"\" src=\"https:\/\/sedigital.ugto.mx\/micro\/wp-content\/uploads\/sites\/4\/2026\/01\/Fondo-dos-colores--scaled.png\" data-object-fit=\"cover\"\/><span aria-hidden=\"true\" class=\"wp-block-cover__background has-background-dim-10 has-background-dim\"><\/span><div class=\"wp-block-cover__inner-container is-layout-constrained wp-block-cover-is-layout-constrained\"><div class=\"wp-block-image\">\n<figure class=\"aligncenter size-full is-resized\"><a href=\"https:\/\/sedigital.ugto.mx\/micro\/oferta-ug\/\" target=\"_blank\" rel=\" noreferrer noopener\"><img decoding=\"async\" src=\"https:\/\/sedigital.ugto.mx\/micro\/wp-content\/uploads\/sites\/4\/2026\/01\/Logotipo_Fondo-Azules@4x.png\" alt=\"\" class=\"wp-image-467\" style=\"aspect-ratio:2.1757434012696293;width:320px;height:auto\"\/><\/a><\/figure>\n<\/div>\n\n\n<div class=\"wp-block-group is-content-justification-center is-nowrap is-layout-flex wp-container-core-group-is-layout-d05cb3ef wp-block-group-is-layout-flex\"><div class=\"wp-block-image padding-zero\">\n<figure class=\"aligncenter size-full is-resized\"><img loading=\"lazy\" decoding=\"async\" width=\"1080\" height=\"720\" src=\"https:\/\/microcredenciales.ugto.mx\/wp-content\/uploads\/2026\/01\/Estudiante-2-edited.png\" alt=\"\" class=\"wp-image-497\" style=\"width:444px;height:auto\" srcset=\"https:\/\/microcredenciales.ugto.mx\/wp-content\/uploads\/2026\/01\/Estudiante-2-edited.png 1080w, https:\/\/microcredenciales.ugto.mx\/wp-content\/uploads\/2026\/01\/Estudiante-2-edited-300x200.png 300w, https:\/\/microcredenciales.ugto.mx\/wp-content\/uploads\/2026\/01\/Estudiante-2-edited-1024x683.png 1024w, https:\/\/microcredenciales.ugto.mx\/wp-content\/uploads\/2026\/01\/Estudiante-2-edited-768x512.png 768w\" sizes=\"auto, (max-width: 1080px) 100vw, 1080px\" \/><\/figure>\n<\/div><\/div>\n\n\n\n<div class=\"wp-block-columns are-vertically-aligned-top is-layout-flex wp-container-core-columns-is-layout-8f761849 wp-block-columns-is-layout-flex\">\n<div class=\"wp-block-column is-vertically-aligned-top padding-zero is-layout-flow wp-block-column-is-layout-flow\" style=\"flex-basis:100%\">\n<div class=\"wp-block-group padding-zero\"><div class=\"wp-block-group__inner-container is-layout-constrained wp-block-group-is-layout-constrained\">\n<p class=\"has-text-align-center has-text-color has-link-color wp-elements-57e0359d99e30f9cda7cb2ca6e9ea2ec wp-block-paragraph\" style=\"color:#ebac05;font-size:30px\"><strong>Aval acad\u00e9mico UG para tus microcredenciales<\/strong><\/p>\n\n\n\n<p class=\"has-text-align-center wp-block-paragraph\" style=\"font-size:22px\"><strong>Transforma la experiencia de tu organizaci\u00f3n en aprendizaje reconocido.&nbsp;Las organizaciones tambi\u00e9n generan aprendizaje.&nbsp;La Universidad de Guanajuato <span style=\"color:#05c1e9\">ofrece su aval acad\u00e9mico para acompa\u00f1ar a empresas, organizaciones sociales y dependencias gubernamentales<\/span> en el dise\u00f1o y validaci\u00f3n de microcredenciales que certifiquen competencias espec\u00edficas, con rigor acad\u00e9mico y pertinencia social.&nbsp;<\/strong><\/p>\n\n\n\n<div style=\"height:30px\" aria-hidden=\"true\" class=\"wp-block-spacer\"><\/div>\n\n\n\n<div class=\"wp-block-columns is-layout-flex wp-container-core-columns-is-layout-8f761849 wp-block-columns-is-layout-flex\">\n<div class=\"wp-block-column is-vertically-aligned-stretch boton-text is-layout-flow wp-block-column-is-layout-flow\" style=\"flex-basis:100%\">\n<div class=\"wp-block-buttons has-custom-font-size has-medium-font-size is-content-justification-center is-layout-flex wp-container-core-buttons-is-layout-fe48e5de wp-block-buttons-is-layout-flex\">\n<div class=\"wp-block-button has-custom-width wp-block-button__width-50 boton-text\"><a class=\"wp-block-button__link has-background has-text-align-center has-medium-font-size has-custom-font-size wp-element-button\" style=\"background-color:#ebac05\"><strong>\u00bfPARA QUI\u00c9N ES ESTA SECCI\u00d3N?<\/strong><\/a><\/div>\n<\/div>\n<\/div>\n<\/div>\n\n\n\n<div style=\"height:45px\" aria-hidden=\"true\" class=\"wp-block-spacer\"><\/div>\n\n\n\n<div class=\"wp-block-columns is-layout-flex wp-container-core-columns-is-layout-8f761849 wp-block-columns-is-layout-flex\">\n<div class=\"wp-block-column is-layout-flow wp-block-column-is-layout-flow\"><div class=\"wp-block-image\">\n<figure class=\"aligncenter size-full is-resized\"><img loading=\"lazy\" decoding=\"async\" width=\"473\" height=\"473\" src=\"https:\/\/microcredenciales.ugto.mx\/wp-content\/uploads\/2026\/01\/engrane.png\" alt=\"\" class=\"wp-image-498\" style=\"width:100px\" srcset=\"https:\/\/microcredenciales.ugto.mx\/wp-content\/uploads\/2026\/01\/engrane.png 473w, https:\/\/microcredenciales.ugto.mx\/wp-content\/uploads\/2026\/01\/engrane-300x300.png 300w, https:\/\/microcredenciales.ugto.mx\/wp-content\/uploads\/2026\/01\/engrane-150x150.png 150w\" sizes=\"auto, (max-width: 473px) 100vw, 473px\" \/><\/figure>\n<\/div>\n\n\n<p class=\"has-text-align-center has-text-color has-link-color has-medium-font-size wp-elements-d58bcdfb6a2ba450eeb71d34b756f61a wp-block-paragraph\" style=\"color:#ebac05\"><strong><strong>Empresas y c\u00e1maras empresariales&nbsp;<\/strong><\/strong><\/p>\n<\/div>\n\n\n\n<div class=\"wp-block-column is-layout-flow wp-block-column-is-layout-flow\"><div class=\"wp-block-image\">\n<figure class=\"aligncenter size-full is-resized\"><img loading=\"lazy\" decoding=\"async\" width=\"473\" height=\"473\" src=\"https:\/\/microcredenciales.ugto.mx\/wp-content\/uploads\/2026\/01\/6.png\" alt=\"\" class=\"wp-image-499\" style=\"width:100px\" srcset=\"https:\/\/microcredenciales.ugto.mx\/wp-content\/uploads\/2026\/01\/6.png 473w, https:\/\/microcredenciales.ugto.mx\/wp-content\/uploads\/2026\/01\/6-300x300.png 300w, https:\/\/microcredenciales.ugto.mx\/wp-content\/uploads\/2026\/01\/6-150x150.png 150w\" sizes=\"auto, (max-width: 473px) 100vw, 473px\" \/><\/figure>\n<\/div>\n\n\n<p class=\"has-text-align-center has-text-color has-link-color has-medium-font-size wp-elements-3a9185d51ed382e7b788179f390703ce wp-block-paragraph\" style=\"color:#ebac05\"><strong><strong>Organizaciones sociales y civiles<\/strong><\/strong><\/p>\n<\/div>\n<\/div>\n\n\n\n<div class=\"wp-block-columns is-layout-flex wp-container-core-columns-is-layout-8f761849 wp-block-columns-is-layout-flex\">\n<div class=\"wp-block-column is-layout-flow wp-block-column-is-layout-flow\"><div class=\"wp-block-image\">\n<figure class=\"aligncenter size-full is-resized\"><img loading=\"lazy\" decoding=\"async\" width=\"473\" height=\"473\" src=\"https:\/\/microcredenciales.ugto.mx\/wp-content\/uploads\/2026\/01\/7.png\" alt=\"\" class=\"wp-image-500\" style=\"width:100px\" srcset=\"https:\/\/microcredenciales.ugto.mx\/wp-content\/uploads\/2026\/01\/7.png 473w, https:\/\/microcredenciales.ugto.mx\/wp-content\/uploads\/2026\/01\/7-300x300.png 300w, https:\/\/microcredenciales.ugto.mx\/wp-content\/uploads\/2026\/01\/7-150x150.png 150w\" sizes=\"auto, (max-width: 473px) 100vw, 473px\" \/><\/figure>\n<\/div>\n\n\n<p class=\"has-text-align-center has-text-color has-link-color has-medium-font-size wp-elements-f58fa3d9a59341c1bfa28cf4b5b6c9d8 wp-block-paragraph\" style=\"color:#ebac05\"><strong><strong>Dependencias y entidades gubernamentales<\/strong><\/strong><\/p>\n<\/div>\n\n\n\n<div class=\"wp-block-column is-layout-flow wp-block-column-is-layout-flow\"><div class=\"wp-block-image\">\n<figure class=\"aligncenter size-full is-resized\"><img loading=\"lazy\" decoding=\"async\" width=\"473\" height=\"473\" src=\"https:\/\/microcredenciales.ugto.mx\/wp-content\/uploads\/2026\/01\/8.png\" alt=\"\" class=\"wp-image-501\" style=\"width:100px\" srcset=\"https:\/\/microcredenciales.ugto.mx\/wp-content\/uploads\/2026\/01\/8.png 473w, https:\/\/microcredenciales.ugto.mx\/wp-content\/uploads\/2026\/01\/8-300x300.png 300w, https:\/\/microcredenciales.ugto.mx\/wp-content\/uploads\/2026\/01\/8-150x150.png 150w\" sizes=\"auto, (max-width: 473px) 100vw, 473px\" \/><\/figure>\n<\/div>\n\n\n<p class=\"has-text-align-center has-text-color has-link-color has-medium-font-size wp-elements-8d6bb517119b4a5d8aae0e026fdf115f wp-block-paragraph\" style=\"color:#ebac05\"><strong>Sectores productivos interesados en capacitaci\u00f3n con reconocimiento acad\u00e9mico<\/strong><\/p>\n<\/div>\n<\/div>\n\n\n\n<p class=\"has-text-align-center has-text-color has-link-color wp-elements-7d73ae22ac2cf46c3b7672e06dc27b2a wp-block-paragraph\" style=\"color:#05c1e9;font-size:30px;text-transform:uppercase\"><strong><strong>\u00bfPor qu\u00e9 trabajar con la UG?&nbsp;<\/strong><\/strong><\/p>\n\n\n\n<p class=\"has-text-align-center has-text-color has-link-color wp-elements-8e40c7a75a93d9c442fa78776409508d wp-block-paragraph\" style=\"color:#05c1e9;font-size:22px\"><strong>Porque el <span style=\"color:#ffffff\">aprendizaje<\/span> ocurre todos los d\u00edas, y cuando se reconoce con calidad, genera mayor impacto.&nbsp;<\/strong><\/p>\n\n\n\n<div class=\"wp-block-group is-vertical is-content-justification-center is-layout-flex wp-container-core-group-is-layout-524f8de7 wp-block-group-is-layout-flex\">\n<div class=\"wp-block-columns is-layout-flex wp-container-core-columns-is-layout-8f761849 wp-block-columns-is-layout-flex\">\n<div class=\"wp-block-column is-layout-flow wp-block-column-is-layout-flow\"><div class=\"wp-block-image\">\n<figure class=\"aligncenter size-full is-resized\"><img loading=\"lazy\" decoding=\"async\" width=\"473\" height=\"473\" src=\"https:\/\/microcredenciales.ugto.mx\/wp-content\/uploads\/2026\/01\/UG-Amarillo.png\" alt=\"\" class=\"wp-image-503\" style=\"width:121px;height:auto\" srcset=\"https:\/\/microcredenciales.ugto.mx\/wp-content\/uploads\/2026\/01\/UG-Amarillo.png 473w, https:\/\/microcredenciales.ugto.mx\/wp-content\/uploads\/2026\/01\/UG-Amarillo-300x300.png 300w, https:\/\/microcredenciales.ugto.mx\/wp-content\/uploads\/2026\/01\/UG-Amarillo-150x150.png 150w\" sizes=\"auto, (max-width: 473px) 100vw, 473px\" \/><\/figure>\n<\/div><\/div>\n<\/div>\n\n\n\n<p class=\"has-text-align-center wp-block-paragraph\" style=\"font-size:30px;text-transform:uppercase\"><strong><strong>\u00bfQU\u00c9 OFRECE LA UG?<\/strong><\/strong><\/p>\n\n\n\n<div class=\"wp-block-columns is-layout-flex wp-container-core-columns-is-layout-8f761849 wp-block-columns-is-layout-flex\">\n<div class=\"wp-block-column is-layout-flow wp-block-column-is-layout-flow\">\n<p class=\"wp-block-paragraph\"><\/p>\n\n\n\n<p class=\"has-text-align-center has-text-color has-link-color wp-elements-4acd65aa0669314f4618230c079714d7 wp-block-paragraph\" style=\"color:#05c1e9;font-size:22px\">Acompa\u00f1amiento acad\u00e9mico para el <span style=\"color:#ffffff;\">dise\u00f1o<\/span> de microcredenciales<\/p>\n\n\n\n<p class=\"has-text-align-center has-text-color has-link-color wp-elements-171be9f4c8c335ee3fff88056e726d17 wp-block-paragraph\" style=\"color:#05c1e9;font-size:22px\">Alineaci\u00f3n con est\u00e1ndares de <span style=\"color:#ffffff;\">calidad educativa<\/span><\/p>\n\n\n\n<p class=\"has-text-align-center has-text-color has-link-color wp-elements-c1b4f2b1b217d6260fd6a4f034200006 wp-block-paragraph\" style=\"color:#05c1e9;font-size:22px\">Aval institucional y <span style=\"color:#ffffff;\">respaldo universitario<\/span><\/p>\n\n\n\n<p class=\"has-text-align-center has-text-color has-link-color wp-elements-f88ba2b523e080db138ba405f8a0e06b wp-block-paragraph\" style=\"color:#05c1e9;font-size:22px\"><span style=\"color:#ffffff;\">Reconocimiento<\/span> formal de competencias laborales y sociales&nbsp;<\/p>\n<\/div>\n<\/div>\n<\/div>\n<\/div><\/div>\n<\/div>\n<\/div>\n\n\n\n<div class=\"wp-block-group padding-zero is-vertical is-content-justification-center is-layout-flex wp-container-core-group-is-layout-524f8de7 wp-block-group-is-layout-flex\">\n<p class=\"has-text-align-center has-text-color has-link-color wp-elements-7ca380fd691bf4c27165e3ffb2a98655 wp-block-paragraph\" style=\"color:#ebac05;font-size:30px;text-transform:uppercase\"><strong>CON EL AVAL DE LA UG, LAS MICROCREDENCIALES&nbsp;<\/strong><\/p>\n\n\n\n<div class=\"wp-block-columns is-layout-flex wp-container-core-columns-is-layout-8f761849 wp-block-columns-is-layout-flex\" style=\"font-size:21px\">\n<div class=\"wp-block-column is-vertically-aligned-center is-layout-flow wp-block-column-is-layout-flow\">\n<p class=\"wp-block-paragraph\"><\/p>\n\n\n\n<p class=\"has-text-align-center wp-block-paragraph\">Fortalecen el desarrollo del talento humano<\/p>\n\n\n\n<p class=\"has-text-align-center wp-block-paragraph\">Reconocen aprendizajes reales y pertinentes<\/p>\n\n\n\n<p class=\"has-text-align-center wp-block-paragraph\">Impulsan la formaci\u00f3n a lo largo de la vida&nbsp;<\/p>\n\n\n\n<p class=\"has-text-align-center wp-block-paragraph\">Contribuyen al crecimiento social y productivo del estado&nbsp;<\/p>\n<\/div>\n\n\n\n<div class=\"wp-block-column is-vertically-aligned-center is-layout-flow wp-block-column-is-layout-flow\"><div class=\"wp-block-image\">\n<figure class=\"aligncenter size-full is-resized\"><img loading=\"lazy\" decoding=\"async\" width=\"945\" height=\"945\" src=\"https:\/\/microcredenciales.ugto.mx\/wp-content\/uploads\/2026\/01\/Imagen-1.4.png\" alt=\"\" class=\"wp-image-504\" style=\"width:270px\" srcset=\"https:\/\/microcredenciales.ugto.mx\/wp-content\/uploads\/2026\/01\/Imagen-1.4.png 945w, https:\/\/microcredenciales.ugto.mx\/wp-content\/uploads\/2026\/01\/Imagen-1.4-300x300.png 300w, https:\/\/microcredenciales.ugto.mx\/wp-content\/uploads\/2026\/01\/Imagen-1.4-150x150.png 150w, https:\/\/microcredenciales.ugto.mx\/wp-content\/uploads\/2026\/01\/Imagen-1.4-768x768.png 768w\" sizes=\"auto, (max-width: 945px) 100vw, 945px\" \/><\/figure>\n<\/div><\/div>\n<\/div>\n<\/div>\n\n\n\n<div style=\"height:69px\" aria-hidden=\"true\" class=\"wp-block-spacer\"><\/div>\n\n\n\n<div class=\"wp-block-group padding-zero is-vertical is-content-justification-center is-layout-flex wp-container-core-group-is-layout-524f8de7 wp-block-group-is-layout-flex\">\n<p class=\"has-text-align-center has-text-color has-link-color wp-elements-a8f253fd67fa4a1241d32cf579dfecb7 wp-block-paragraph\" style=\"color:#ebac05;font-size:30px;text-transform:uppercase\"><strong>\u00bfC\u00d3MO FUNCIONAN?<\/strong><\/p>\n\n\n\n<div class=\"wp-block-columns are-vertically-aligned-center is-layout-flex wp-container-core-columns-is-layout-8f761849 wp-block-columns-is-layout-flex\" style=\"font-size:21px\">\n<div class=\"wp-block-column is-vertically-aligned-center is-layout-flow wp-block-column-is-layout-flow\"><div class=\"wp-block-image\">\n<figure class=\"aligncenter size-full is-resized\"><img loading=\"lazy\" decoding=\"async\" width=\"945\" height=\"945\" src=\"https:\/\/microcredenciales.ugto.mx\/wp-content\/uploads\/2026\/01\/Imagen-1.3.png\" alt=\"\" class=\"wp-image-505\" style=\"width:270px;height:auto\" srcset=\"https:\/\/microcredenciales.ugto.mx\/wp-content\/uploads\/2026\/01\/Imagen-1.3.png 945w, https:\/\/microcredenciales.ugto.mx\/wp-content\/uploads\/2026\/01\/Imagen-1.3-300x300.png 300w, https:\/\/microcredenciales.ugto.mx\/wp-content\/uploads\/2026\/01\/Imagen-1.3-150x150.png 150w, https:\/\/microcredenciales.ugto.mx\/wp-content\/uploads\/2026\/01\/Imagen-1.3-768x768.png 768w\" sizes=\"auto, (max-width: 945px) 100vw, 945px\" \/><\/figure>\n<\/div><\/div>\n\n\n\n<div class=\"wp-block-column is-vertically-aligned-center is-layout-flow wp-block-column-is-layout-flow\">\n<p class=\"wp-block-paragraph\"><\/p>\n\n\n\n<p class=\"has-text-align-center wp-block-paragraph\">Tu organizaci\u00f3n identifica una necesidad formativa o competencia clave<\/p>\n\n\n\n<p class=\"has-text-align-center wp-block-paragraph\">La UG acompa\u00f1a el dise\u00f1o acad\u00e9mico de la microcredencial<\/p>\n\n\n\n<p class=\"has-text-align-center wp-block-paragraph\">Se valida el proceso formativo con criterios universitarios<\/p>\n\n\n\n<p class=\"has-text-align-center wp-block-paragraph\">Las personas obtienen un reconocimiento con aval acad\u00e9mico UG<\/p>\n<\/div>\n<\/div>\n<\/div>\n\n\n\n<div class=\"wp-block-group is-vertical is-content-justification-center is-layout-flex wp-container-core-group-is-layout-3350038e wp-block-group-is-layout-flex\">\n<p class=\"has-text-align-center has-large-font-size wp-block-paragraph\" style=\"text-transform:none\"><strong>La experiencia tambi\u00e9n ense\u00f1a<\/strong><\/p>\n\n\n\n<p class=\"has-text-align-center has-text-color has-link-color has-large-font-size wp-elements-bd482b0d1c91a376e4025e5632c73954 wp-block-paragraph\" style=\"color:#f4c800;text-transform:uppercase\"><strong>LA UG<\/strong> <strong>ACREDITA<\/strong><\/p>\n\n\n<div class=\"wp-block-image wp-duotone-unset-1\">\n<figure class=\"aligncenter size-full is-resized wp-container-content-9cfa9a5a\"><img loading=\"lazy\" decoding=\"async\" width=\"209\" height=\"209\" src=\"https:\/\/microcredenciales.ugto.mx\/wp-content\/uploads\/2026\/01\/figura-3-1.png\" alt=\"\" class=\"wp-image-491\" style=\"width:105px;height:auto\" srcset=\"https:\/\/microcredenciales.ugto.mx\/wp-content\/uploads\/2026\/01\/figura-3-1.png 209w, https:\/\/microcredenciales.ugto.mx\/wp-content\/uploads\/2026\/01\/figura-3-1-150x150.png 150w\" sizes=\"auto, (max-width: 209px) 100vw, 209px\" \/><\/figure>\n<\/div><\/div>\n<\/div><\/div>\n","protected":false},"excerpt":{"rendered":"","protected":false},"author":1,"featured_media":0,"parent":0,"menu_order":0,"comment_status":"closed","ping_status":"closed","template":"","meta":{"_crdt_document":"","footnotes":""},"class_list":["post-495","page","type-page","status-publish"],"_links":{"self":[{"href":"https:\/\/microcredenciales.ugto.mx\/index.php\/wp-json\/wp\/v2\/pages\/495","targetHints":{"allow":["GET"]}}],"collection":[{"href":"https:\/\/microcredenciales.ugto.mx\/index.php\/wp-json\/wp\/v2\/pages"}],"about":[{"href":"https:\/\/microcredenciales.ugto.mx\/index.php\/wp-json\/wp\/v2\/types\/page"}],"author":[{"embeddable":true,"href":"https:\/\/microcredenciales.ugto.mx\/index.php\/wp-json\/wp\/v2\/users\/1"}],"replies":[{"embeddable":true,"href":"https:\/\/microcredenciales.ugto.mx\/index.php\/wp-json\/wp\/v2\/comments?post=495"}],"version-history":[{"count":6,"href":"https:\/\/microcredenciales.ugto.mx\/index.php\/wp-json\/wp\/v2\/pages\/495\/revisions"}],"predecessor-version":[{"id":543,"href":"https:\/\/microcredenciales.ugto.mx\/index.php\/wp-json\/wp\/v2\/pages\/495\/revisions\/543"}],"wp:attachment":[{"href":"https:\/\/microcredenciales.ugto.mx\/index.php\/wp-json\/wp\/v2\/media?parent=495"}],"curies":[{"name":"wp","href":"https:\/\/api.w.org\/{rel}","templated":true}]}}